{"id":306,"date":"2025-12-04T11:27:43","date_gmt":"2025-12-04T11:27:43","guid":{"rendered":"https:\/\/sample.dotbloom.ro\/templatelybuilders-contact\/"},"modified":"2026-02-17T08:42:07","modified_gmt":"2026-02-17T08:42:07","slug":"contact","status":"publish","type":"page","link":"https:\/\/sample.dotbloom.ro\/en\/contact\/","title":{"rendered":"Contact"},"content":{"rendered":"<div data-elementor-type=\"wp-page\" data-elementor-id=\"306\" class=\"elementor elementor-306\" data-elementor-post-type=\"page\">\n\t\t\t\t\t\t<section class=\"elementor-section elementor-top-section elementor-element elementor-element-4214fe74 elementor-section-boxed elementor-section-height-default elementor-section-height-default\" data-id=\"4214fe74\" data-element_type=\"section\" data-e-type=\"section\" data-settings=\"{&quot;background_background&quot;:&quot;classic&quot;}\">\n\t\t\t\t\t\t<div class=\"elementor-container elementor-column-gap-no\">\n\t\t\t\t\t<div class=\"elementor-column elementor-col-100 elementor-top-column elementor-element elementor-element-1998781\" data-id=\"1998781\" data-element_type=\"column\" data-e-type=\"column\">\n\t\t\t<div class=\"elementor-widget-wrap elementor-element-populated\">\n\t\t\t\t\t\t<section class=\"elementor-section elementor-inner-section elementor-element elementor-element-5945c4e3 elementor-section-boxed elementor-section-height-default elementor-section-height-default\" data-id=\"5945c4e3\" data-element_type=\"section\" data-e-type=\"section\" data-settings=\"{&quot;animation&quot;:&quot;none&quot;}\">\n\t\t\t\t\t\t<div class=\"elementor-container elementor-column-gap-no\">\n\t\t\t\t\t<div class=\"elementor-column elementor-col-100 elementor-inner-column elementor-element elementor-element-714dc5f5\" data-id=\"714dc5f5\" data-element_type=\"column\" data-e-type=\"column\">\n\t\t\t<div class=\"elementor-widget-wrap elementor-element-populated\">\n\t\t\t\t\t\t<div class=\"elementor-element elementor-element-1c23ae4 elementor-widget elementor-widget-heading\" data-id=\"1c23ae4\" data-element_type=\"widget\" data-e-type=\"widget\" data-widget_type=\"heading.default\">\n\t\t\t\t\t<span class=\"elementor-heading-title elementor-size-default\">Contacteaz\u0103-ne<\/span>\t\t\t\t<\/div>\n\t\t\t\t<div class=\"elementor-element elementor-element-ad413c7 elementor-widget elementor-widget-text-editor\" data-id=\"ad413c7\" data-element_type=\"widget\" data-e-type=\"widget\" data-widget_type=\"text-editor.default\">\n\t\t\t\t\t\t\t\t\t<p>Fie c\u0103 planifici un sejur, un retreat de echip\u0103 sau pur \u0219i simplu ai nevoie de detalii suplimentare, las\u0103-ne un mesaj \u00een formularul de mai jos \u0219i revenim c\u0103tre tine.<\/p>\t\t\t\t\t\t\t\t<\/div>\n\t\t\t\t\t<\/div>\n\t\t<\/div>\n\t\t\t\t\t<\/div>\n\t\t<\/section>\n\t\t\t\t<section class=\"elementor-section elementor-inner-section elementor-element elementor-element-74aa6f73 elementor-section-boxed elementor-section-height-default elementor-section-height-default\" data-id=\"74aa6f73\" data-element_type=\"section\" data-e-type=\"section\">\n\t\t\t\t\t\t<div class=\"elementor-container elementor-column-gap-no\">\n\t\t\t\t\t<div class=\"elementor-column elementor-col-50 elementor-inner-column elementor-element elementor-element-24bd4160 elementor-invisible\" data-id=\"24bd4160\" data-element_type=\"column\" data-e-type=\"column\" data-settings=\"{&quot;background_background&quot;:&quot;classic&quot;,&quot;animation&quot;:&quot;fadeInLeft&quot;}\">\n\t\t\t<div class=\"elementor-widget-wrap elementor-element-populated\">\n\t\t\t\t\t\t<div class=\"elementor-element elementor-element-49f76ef2 eael-dual-header-content-align-center elementor-widget elementor-widget-eael-dual-color-header\" data-id=\"49f76ef2\" data-element_type=\"widget\" data-e-type=\"widget\" data-widget_type=\"eael-dual-color-header.default\">\n\t\t\t\t\t\t\t\t<div class=\"eael-dual-header\">\n\t\t\t\t<h2 class=\"title eael-dch-title\"><span class=\"eael-dch-title-text eael-dch-title-lead lead solid-color\">Adresa<\/span> <span class=\"eael-dch-title-text\"><\/span><\/h2>\t\t\t\t\t<span class=\"subtext\"><p><a style=\"color: #d2ab67\" href=\"https:\/\/maps.app.goo.gl\/HhkBJJ2ThaoyUFVv8\">Strada Unghiului 359, Sibiel<br \/><br \/>Jud. Sibiu, Romania<\/a><\/p><\/span>\n\t\t\t\t\t\t\t<\/div>\n\n\t\t\t\t\t\t<\/div>\n\t\t\t\t<div class=\"elementor-element elementor-element-922a154 eael-dual-header-content-align-center elementor-widget elementor-widget-eael-dual-color-header\" data-id=\"922a154\" data-element_type=\"widget\" data-e-type=\"widget\" data-widget_type=\"eael-dual-color-header.default\">\n\t\t\t\t\t\t\t\t<div class=\"eael-dual-header\">\n\t\t\t\t<h2 class=\"title eael-dch-title\"><span class=\"eael-dch-title-text eael-dch-title-lead lead solid-color\">Telefon<\/span> <span class=\"eael-dch-title-text\"><\/span><\/h2>\t\t\t\t\t<span class=\"subtext\"><a class=\"ql-link\" href=\"tel:+40767803255\" target=\"_blank\" rel=\"noopener noreferrer\" style=\"color: #D2AB67\">+40 767 803 255<\/a><\/span>\n\t\t\t\t\t\t\t<\/div>\n\n\t\t\t\t\t\t<\/div>\n\t\t\t\t<div class=\"elementor-element elementor-element-8e9e9ac eael-dual-header-content-align-center elementor-widget elementor-widget-eael-dual-color-header\" data-id=\"8e9e9ac\" data-element_type=\"widget\" data-e-type=\"widget\" data-widget_type=\"eael-dual-color-header.default\">\n\t\t\t\t\t\t\t\t<div class=\"eael-dual-header\">\n\t\t\t\t<h2 class=\"title eael-dch-title\"><span class=\"eael-dch-title-text eael-dch-title-lead lead solid-color\">Email<\/span> <span class=\"eael-dch-title-text\"><\/span><\/h2>\t\t\t\t\t<span class=\"subtext\"><a class=\"ql-link\" href=\"mailto:chalet@theriver.ro\" target=\"_blank\" rel=\"noopener noreferrer\" style=\"color: #D2AB67\">chalet@theriver.ro<\/a><\/span>\n\t\t\t\t\t\t\t<\/div>\n\n\t\t\t\t\t\t<\/div>\n\t\t\t\t<div class=\"elementor-element elementor-element-21b7e89 eael-dual-header-content-align-center elementor-widget elementor-widget-eael-dual-color-header\" data-id=\"21b7e89\" data-element_type=\"widget\" data-e-type=\"widget\" data-widget_type=\"eael-dual-color-header.default\">\n\t\t\t\t\t\t\t\t<div class=\"eael-dual-header\">\n\t\t\t\t<h2 class=\"title eael-dch-title\"><span class=\"eael-dch-title-text eael-dch-title-lead lead solid-color\">Detalii<\/span> <span class=\"eael-dch-title-text\"><\/span><\/h2>\t\t\t\t\t<span class=\"subtext\"><p>XUX INVESTMENT SRL<\/p><p>CUI RO32102114<\/p><div class=\"ql-block ql-indent-1\">Strada Tractorului 12, Sibiu\u00a0<\/div><\/span>\n\t\t\t\t\t\t\t<\/div>\n\n\t\t\t\t\t\t<\/div>\n\t\t\t\t\t<\/div>\n\t\t<\/div>\n\t\t\t\t<div class=\"elementor-column elementor-col-50 elementor-inner-column elementor-element elementor-element-7531bf3c elementor-invisible\" data-id=\"7531bf3c\" data-element_type=\"column\" data-e-type=\"column\" data-settings=\"{&quot;background_background&quot;:&quot;classic&quot;,&quot;animation&quot;:&quot;fadeInRight&quot;}\">\n\t\t\t<div class=\"elementor-widget-wrap elementor-element-populated\">\n\t\t\t\t\t\t<div class=\"elementor-element elementor-element-dcc0096 eael-dual-header-content-align-center elementor-widget elementor-widget-eael-dual-color-header\" data-id=\"dcc0096\" data-element_type=\"widget\" data-e-type=\"widget\" data-widget_type=\"eael-dual-color-header.default\">\n\t\t\t\t\t\t\t\t<div class=\"eael-dual-header\">\n\t\t\t\t<h2 class=\"title eael-dch-title\"><span class=\"eael-dch-title-text eael-dch-title-lead lead solid-color\">Contacteaz\u0103-ne<\/span> <span class=\"eael-dch-title-text\"><\/span><\/h2>\t\t\t\t\t<span class=\"subtext\"><p>Ai o \u00eentrebare sau vrei o ofert\u0103 personalizat\u0103?<\/p><p>Trimite-ne un mesaj \u0219i \u00ee\u021bi r\u0103spundem c\u00e2t mai rapid.<\/p><\/span>\n\t\t\t\t\t\t\t<\/div>\n\n\t\t\t\t\t\t<\/div>\n\t\t\t\t<div class=\"elementor-element elementor-element-38ceb11 elementor-widget elementor-widget-shortcode\" data-id=\"38ceb11\" data-element_type=\"widget\" data-e-type=\"widget\" data-widget_type=\"shortcode.default\">\n\t\t\t\t\t\t\t<div class=\"elementor-shortcode\"><!-- templates\/booking-header4.html -->\n\n<div class=\"db4-wrap\" role=\"region\" aria-label=\"Contacteaz\u0103-ne\">\n \n\n  <!-- IMPORTANT: action-ul \u00eel set\u0103m din PHP c\u0103tre endpoint (REST\/AJAX) -->\n  <form class=\"db4-form\" method=\"post\" action=\"https:\/\/sample.dotbloom.ro\/wp-admin\/admin-post.php?action=db_rental_contact\" novalidate>\n    <!-- pentru securitate \u00een WP, putem injecta nonce aici din PHP -->\n    <input type=\"hidden\" name=\"db4_nonce\" value=\"54d201bb7b\">\n\n    <!-- Optional: dac\u0103 vrei s\u0103 ata\u0219ezi context (orderId \/ ci \/ co) din URL, \u00eel po\u021bi injecta din PHP ulterior -->\n    <input type=\"hidden\" name=\"order_id\" value=\"\">\n    <input type=\"hidden\" name=\"checkin\" value=\"{{CHECKIN}}\">\n    <input type=\"hidden\" name=\"checkout\" value=\"{{CHECKOUT}}\">\n\n    <div class=\"db4-grid\">\n      <label class=\"db4-field\">\n        <!-- <span class=\"db4-label\">Nume<\/span> -->\n        <input class=\"db4-input\" type=\"text\" name=\"name\" autocomplete=\"name\" placeholder=\"Nume\" required>\n      <\/label>\n\n      <label class=\"db4-field\">\n        <!-- <span class=\"db4-label\">Telefon<\/span> -->\n        <input class=\"db4-input\" type=\"tel\" name=\"phone\" autocomplete=\"tel\" placeholder=\"Telefon\">\n      <\/label>\n\n      <label class=\"db4-field db4-span2\">\n        <!-- <span class=\"db4-label\">Email<\/span> -->\n        <input class=\"db4-input\" type=\"email\" name=\"email\" autocomplete=\"email\" placeholder=\"Email\" required>\n      <\/label>\n\n      <label class=\"db4-field db4-span2\">\n        <textarea class=\"db4-textarea\" name=\"message\" rows=\"6\" placeholder=\"Mesaj\" required><\/textarea>\n      <\/label>\n\n      <label class=\"db4-consent db4-span2\">\n        <input type=\"checkbox\" name=\"consent\" value=\"1\" required>\n        <span>Sunt de acord s\u0103 fiu contactat\/\u0103 \u00een leg\u0103tur\u0103 cu solicitarea mea.<\/span>\n      <\/label>\n    <\/div>\n\n    <div class=\"db4-actions\">\n      <button class=\"db4-btn\" type=\"submit\">\n        Trimite mesajul\n      <\/button>\n\n\n    <\/div>\n  <\/form>\n<\/div>\n<\/div>\n\t\t\t\t\t\t<\/div>\n\t\t\t\t\t<\/div>\n\t\t<\/div>\n\t\t\t\t\t<\/div>\n\t\t<\/section>\n\t\t\t\t\t<\/div>\n\t\t<\/div>\n\t\t\t\t\t<\/div>\n\t\t<\/section>\n\t\t\t\t<section class=\"elementor-section elementor-top-section elementor-element elementor-element-23bc0ec6 elementor-section-full_width elementor-section-height-default elementor-section-height-default\" data-id=\"23bc0ec6\" data-element_type=\"section\" data-e-type=\"section\">\n\t\t\t\t\t\t<div class=\"elementor-container elementor-column-gap-no\">\n\t\t\t\t\t<div class=\"elementor-column elementor-col-100 elementor-top-column elementor-element elementor-element-42cee791\" data-id=\"42cee791\" data-element_type=\"column\" data-e-type=\"column\">\n\t\t\t<div class=\"elementor-widget-wrap elementor-element-populated\">\n\t\t\t\t\t\t<div class=\"elementor-element elementor-element-605f7917 elementor-widget elementor-widget-google_maps\" data-id=\"605f7917\" data-element_type=\"widget\" data-e-type=\"widget\" data-widget_type=\"google_maps.default\">\n\t\t\t\t\t\t\t<div class=\"elementor-custom-embed\">\n\t\t\t<iframe loading=\"lazy\"\n\t\t\t\t\tsrc=\"https:\/\/maps.google.com\/maps?q=the%20river%20chalet&#038;t=m&#038;z=10&#038;output=embed&#038;iwloc=near\"\n\t\t\t\t\ttitle=\"the river chalet\"\n\t\t\t\t\taria-label=\"the river chalet\"\n\t\t\t><\/iframe>\n\t\t<\/div>\n\t\t\t\t\t\t<\/div>\n\t\t\t\t\t<\/div>\n\t\t<\/div>\n\t\t\t\t\t<\/div>\n\t\t<\/section>\n\t\t<div class=\"elementor-element elementor-element-658979d e-con-full e-flex e-con e-parent\" data-id=\"658979d\" data-element_type=\"container\" data-e-type=\"container\">\n\t\t<div class=\"elementor-element elementor-element-11111664 e-con-full e-flex e-con e-child\" data-id=\"11111664\" data-element_type=\"container\" data-e-type=\"container\" data-settings=\"{&quot;background_background&quot;:&quot;classic&quot;}\">\n\t\t<div class=\"elementor-element elementor-element-75f39fce e-con-full e-flex e-con e-child\" data-id=\"75f39fce\" data-element_type=\"container\" data-e-type=\"container\">\n\t\t<div class=\"elementor-element elementor-element-b6383c0 e-con-full e-flex e-con e-child\" data-id=\"b6383c0\" data-element_type=\"container\" data-e-type=\"container\">\n\t\t\t\t<div class=\"elementor-element elementor-element-263f1b4e elementor-widget elementor-widget-heading\" data-id=\"263f1b4e\" data-element_type=\"widget\" data-e-type=\"widget\" data-widget_type=\"heading.default\">\n\t\t\t\t\t<span class=\"elementor-heading-title elementor-size-default\">Hai la The River Chalet<\/span>\t\t\t\t<\/div>\n\t\t\t\t<div class=\"elementor-element elementor-element-39abdb5f elementor-widget elementor-widget-text-editor\" data-id=\"39abdb5f\" data-element_type=\"widget\" data-e-type=\"widget\" data-widget_type=\"text-editor.default\">\n\t\t\t\t\t\t\t\t\t<p>Planific\u0103 din timp urm\u0103toarea ta escapad\u0103 \u2013 fie c\u0103 este un weekend lini\u0219tit, o \u00eent\u00e2lnire cu prietenii sau un eveniment special, The River Chalet te a\u0219teapt\u0103.<\/p>\t\t\t\t\t\t\t\t<\/div>\n\t\t\t\t<div class=\"elementor-element elementor-element-4f7e0b11 elementor-widget__width-auto elementor-align-left elementor-widget elementor-widget-button\" data-id=\"4f7e0b11\" data-element_type=\"widget\" data-e-type=\"widget\" data-widget_type=\"button.default\">\n\t\t\t\t\t\t\t\t\t\t<a class=\"elementor-button elementor-button-link elementor-size-sm\" href=\"\/en\/book\/\">\n\t\t\t\t\t\t<span class=\"elementor-button-content-wrapper\">\n\t\t\t\t\t\t\t\t\t<span class=\"elementor-button-text\">Rezerv\u0103 Acum<\/span>\n\t\t\t\t\t<\/span>\n\t\t\t\t\t<\/a>\n\t\t\t\t\t\t\t\t<\/div>\n\t\t\t\t<\/div>\n\t\t<div class=\"elementor-element elementor-element-543fd811 e-con-full e-flex e-con e-child\" data-id=\"543fd811\" data-element_type=\"container\" data-e-type=\"container\">\n\t\t\t\t<div class=\"elementor-element elementor-element-29ef889e elementor-widget elementor-widget-image\" data-id=\"29ef889e\" data-element_type=\"widget\" data-e-type=\"widget\" data-widget_type=\"image.default\">\n\t\t\t\t\t\t\t\t\t\t\t\t\t\t\t<img decoding=\"async\" src=\"https:\/\/sample.dotbloom.ro\/wp-content\/uploads\/elementor\/thumbs\/IMG_0543-1-rgafpttbgm2caye87hsqfek20xcxaoq5cezotl9s74.jpg\" title=\"IMG_0543.jpg\" alt=\"IMG_0543.jpg\" loading=\"lazy\" \/>\t\t\t\t\t\t\t\t\t\t\t\t\t\t\t<\/div>\n\t\t\t\t<\/div>\n\t\t\t\t<\/div>\n\t\t\t\t<\/div>\n\t\t\t\t<\/div>\n\t\t\t\t<\/div>","protected":false},"excerpt":{"rendered":"<p>Contacteaz\u0103-ne Fie c\u0103 planifici un sejur, un retreat de echip\u0103 sau pur \u0219i simplu ai nevoie de detalii suplimentare, las\u0103-ne un mesaj \u00een formularul de mai jos \u0219i revenim c\u0103tre tine. Adresa Strada Unghiului 359, Sibiel Jud. Sibiu, Romania Telefon +40 767 803 255 Email chalet@theriver.ro Detalii XUX INVESTMENT SRL CUI RO32102114 Strada Tractorului 12, [&hellip;]<\/p>","protected":false},"author":1,"featured_media":0,"parent":0,"menu_order":0,"comment_status":"closed","ping_status":"closed","template":"elementor_header_footer","meta":{"footnotes":""},"class_list":["post-306","page","type-page","status-publish","hentry"],"_hostinger_reach_plugin_has_subscription_block":false,"_hostinger_reach_plugin_is_elementor":false,"_links":{"self":[{"href":"https:\/\/sample.dotbloom.ro\/en\/wp-json\/wp\/v2\/pages\/306","targetHints":{"allow":["GET"]}}],"collection":[{"href":"https:\/\/sample.dotbloom.ro\/en\/wp-json\/wp\/v2\/pages"}],"about":[{"href":"https:\/\/sample.dotbloom.ro\/en\/wp-json\/wp\/v2\/types\/page"}],"author":[{"embeddable":true,"href":"https:\/\/sample.dotbloom.ro\/en\/wp-json\/wp\/v2\/users\/1"}],"replies":[{"embeddable":true,"href":"https:\/\/sample.dotbloom.ro\/en\/wp-json\/wp\/v2\/comments?post=306"}],"version-history":[{"count":92,"href":"https:\/\/sample.dotbloom.ro\/en\/wp-json\/wp\/v2\/pages\/306\/revisions"}],"predecessor-version":[{"id":1461,"href":"https:\/\/sample.dotbloom.ro\/en\/wp-json\/wp\/v2\/pages\/306\/revisions\/1461"}],"wp:attachment":[{"href":"https:\/\/sample.dotbloom.ro\/en\/wp-json\/wp\/v2\/media?parent=306"}],"curies":[{"name":"wp","href":"https:\/\/api.w.org\/{rel}","templated":true}]}}